{"id":151,"date":"2019-04-27T16:38:18","date_gmt":"2019-04-27T16:38:18","guid":{"rendered":"https:\/\/sandbox.bigbuddies.de\/?page_id=151"},"modified":"2019-06-30T16:58:46","modified_gmt":"2019-06-30T16:58:46","slug":"impressum","status":"publish","type":"page","link":"https:\/\/www.ostefit.de\/index.php\/impressum\/","title":{"rendered":"Impressum"},"content":{"rendered":"\n<p>\nAngaben\ngem\u00e4\u00df \u00a7 5 TMG<\/p>\n\n\n\n<p><strong>Bianca Papke \u2013 Oste-fit<\/strong><br>Kiebitzweg 21<br>21785 Neuhaus (Oste)<\/p>\n\n\n\n<p><em><strong>Kontakt<\/strong><\/em><br>Telefon: 04752 \/ 844 338<br>Email: ostefit@gmail.com<br>Internetadresse: www.ostefit.de<br><\/p>\n\n\n\n<p>\nSteuernummer:\n18\/133\/06904<\/p>\n\n\n\n<p>Reglementierte Berufe \/ Freie Berufe  <br>Berufsbezeichnung  (reglementierte Berufe): Physiotherapeuten<\/p>\n\n\n\n<p><em><strong>Haftungsausschluss\ufeff<\/strong><\/em><br><em>Haftung f\u00fcr Inalte<\/em><br>Die Inhalte unserer Seiten wurden mit gr\u00f6\u00dfter Sorgfalt erstellt. F\u00fcr die Richtigkeit, Vollst\u00e4ndigkeit und Aktualit\u00e4t der Inhalte k\u00f6nnen wir jedoch keine Gew\u00e4hr \u00fcbernehmen. Als Diensteanbieter sind wir gem\u00e4\u00df \u00a7 7 Abs.1 TMG f\u00fcr eigene Inhalte auf diesen Seiten nach den allgemeinen Gesetzen verantwortlich. Nach \u00a7\u00a7 8 bis 10 TMG sind wir als Diensteanbieter jedoch nicht verpflichtet, \u00fcbermittelte oder gespeicherte fremde Informationen zu \u00fcberwachen oder nach Umst\u00e4nden zu forschen, die auf eine rechtswidrige T\u00e4tigkeit hinweisen. Verpflichtungen zur Entfernung oder Sperrung der Nutzung von Informationen nach den allgemeinen Gesetzen bleiben hiervon unber\u00fchrt. Eine diesbez\u00fcgliche Haftung ist jedoch erst ab dem Zeitpunkt der Kenntnis einer konkreten Rechtsverletzung m\u00f6glich. Bei Bekanntwerden von entsprechenden Rechtsverletzungen werden wir diese Inhalte umgehend entfernen.<\/p>\n\n\n\n<p><strong><em>Fotos: <\/em><\/strong><br>Bianca Papke, Pfotenland, Lisa Leibenguth<\/p>\n","protected":false},"excerpt":{"rendered":"<p>Angaben gem\u00e4\u00df \u00a7 5 TMG Bianca Papke \u2013 Oste-fitKiebitzweg 2121785 Neuhaus (Oste) KontaktTelefon: 04752 \/ 844 338Email: ostefit@gmail.comInternetadresse: www.ostefit.de Steuernummer: 18\/133\/06904 Reglementierte Berufe \/ Freie Berufe Berufsbezeichnung (reglementierte Berufe): Physiotherapeuten Haftungsausschluss\ufeffHaftung f\u00fcr InalteDie Inhalte unserer Seiten wurden mit gr\u00f6\u00dfter Sorgfalt erstellt. F\u00fcr die Richtigkeit, Vollst\u00e4ndigkeit und Aktualit\u00e4t der Inhalte k\u00f6nnen wir jedoch keine Gew\u00e4hr \u00fcbernehmen. <a href=\"https:\/\/www.ostefit.de\/index.php\/impressum\/\" class=\"more-link\">...weiterlesen<span class=\"screen-reader-text\"> \"Impressum\"<\/span><\/a><\/p>\n","protected":false},"author":1,"featured_media":0,"parent":0,"menu_order":0,"comment_status":"closed","ping_status":"closed","template":"","meta":[],"_links":{"self":[{"href":"https:\/\/www.ostefit.de\/index.php\/wp-json\/wp\/v2\/pages\/151"}],"collection":[{"href":"https:\/\/www.ostefit.de\/index.php\/wp-json\/wp\/v2\/pages"}],"about":[{"href":"https:\/\/www.ostefit.de\/index.php\/wp-json\/wp\/v2\/types\/page"}],"author":[{"embeddable":true,"href":"https:\/\/www.ostefit.de\/index.php\/wp-json\/wp\/v2\/users\/1"}],"replies":[{"embeddable":true,"href":"https:\/\/www.ostefit.de\/index.php\/wp-json\/wp\/v2\/comments?post=151"}],"version-history":[{"count":10,"href":"https:\/\/www.ostefit.de\/index.php\/wp-json\/wp\/v2\/pages\/151\/revisions"}],"predecessor-version":[{"id":422,"href":"https:\/\/www.ostefit.de\/index.php\/wp-json\/wp\/v2\/pages\/151\/revisions\/422"}],"wp:attachment":[{"href":"https:\/\/www.ostefit.de\/index.php\/wp-json\/wp\/v2\/media?parent=151"}],"curies":[{"name":"wp","href":"https:\/\/api.w.org\/{rel}","templated":true}]}}