{"id":16,"date":"2019-04-20T17:14:35","date_gmt":"2019-04-20T17:14:35","guid":{"rendered":"https:\/\/sandbox.bigbuddies.de\/?page_id=16"},"modified":"2019-07-07T10:45:38","modified_gmt":"2019-07-07T10:45:38","slug":"therapie","status":"publish","type":"page","link":"https:\/\/www.ostefit.de\/","title":{"rendered":"Willkommen"},"content":{"rendered":"\n<blockquote class=\"wp-block-quote\"><p><em><strong>Alles Leben ist Bewegung. Dort wo Bewegung gest\u00f6rt ist, beginnt Krankheit. <\/strong><\/em><br><\/p><cite>Andrew Taylor Still<\/cite><\/blockquote>\n\n\n\n<p>Sowohl in der Physiotherapie als auch in der Osteopathie werden St\u00f6rungen der K\u00f6rperfunktionen mittels sanfter Techniken auf nat\u00fcrliche Weise gel\u00f6st.<\/p>\n\n\n\n<p>Durch den Einsatz von physiotherapeutischer oder osteopathischer Behandlung kann zum Beispiel oftmals die Gabe von schmerzlindernder Medikation deutlich reduziert oder verhindert werden.<\/p>\n\n\n\n<p>In der Therapie des Tieres gehen physiotherapeutische und osteopathische Behandlungen oftmals fliessend ineinander \u00fcber.<\/p>\n\n\n\n<p>Beide Therapieformen kommen urspr\u00fcnglich aus der Humanmedizin und werden auch bei Tieren erfolgreich angewendet. Der ganzheitliche Therapieansatz wird von den Tieren sehr gut angenommen.<\/p>\n\n\n\n<p>Die <strong>individuelle<\/strong> Analyse der Funktionsst\u00f6rung <strong>ihres <\/strong>Tieres gibt uns die M\u00f6glichkeit, gemeinsam einen speziell abgestimmten Weg zur Verbesserung der Lebensqualit\u00e4t zu beschreiten.&nbsp;<\/p>\n\n\n\n<h4>Was ist Hundephysiotherapie?<\/h4>\n\n\n\n<p>Physiotherapie f\u00fcr Hunde unterteilt sich in einen aktiven und einen passiven Bereich.<\/p>\n\n\n\n<p>Die&nbsp;<strong>aktive Physiotherapie<\/strong>&nbsp;besteht aus Bewegungs\u00fcbungen, bei denen der Patient aktiv mitmacht. Dies funktioniert oft spielerisch und mit Anreizen wie Leckerchen oder Spielzeugen, denn der Physiotherapeut ist auf die Kooperation deines Hundes angewiesen.<\/p>\n\n\n\n<p><strong>Passive Physiotherapie<\/strong>&nbsp;umfasst Methoden, mit denen der Hund behandelt wird, ohne selbst aktiv zu werden, w\u00e4hrend er auf dem Behandlungstisch oder einer Unterlage am Boden liegt. Damit dein Hund sich hier optimal entspannen kann, arbeitet der Therapeut ruhig und besonnen und nimmt sich besonders in den ersten Sitzungen viel Zeit.<\/p>\n\n\n\n<h4>Methoden der aktiven Physiotherapie<\/h4>\n\n\n\n<p>Ziele der&nbsp;<strong>Bewegungstherapie<\/strong>&nbsp;sind Muskelaufbau, Schulung von Gleichgewicht und Beweglichkeit sowie die Koordinations- und Konditionsverbesserung deines Hundes. F\u00fcr die \u00dcbungen gibt es verschiedenste Hilfsmittel und Ger\u00e4te.<\/p>\n\n\n\n<h4>Wann kann Hundephysiotherapie helfen?<\/h4>\n\n\n\n<p>Die Hundephysiotherapie ersetzt nicht eine tier\u00e4rztliche Diagnose und Behandlung, doch sie stellt in der Nachbehandlung eine h\u00f6chst wirkungsvolle Unterst\u00fctzung bei vielen Krankheitsbildern dar. Dazu geh\u00f6ren unter anderem folgende:<\/p>\n\n\n\n<p>\u2013&nbsp;<strong>Neurologische Erkrankungen<\/strong><br>Bandscheibenvorfall, Nervenerkrankungen, L\u00e4hmungen<br>\u2013 Erkrankungen des Bewegungsapparates<br>Dysplasien, Arthrose, Wirbels\u00e4ulenerkrankungen, Knochenbr\u00fcche, Erhaltung der Beweglichkeit bei \u00e4lteren Hunden<br>\u2013&nbsp;<strong>Orthop\u00e4dische Operationen<\/strong><br>Kreuzbandrisse, Br\u00fcche, k\u00fcnstliche H\u00fcftgelenke, Meniskussch\u00e4den<br>\u2013&nbsp;<strong>Unf\u00e4lle<\/strong><br>Behandlung nach Unf\u00e4llen, Narbenbehandlung<br>\u2013&nbsp;<strong>Muskelerkrankungen<\/strong><br>Verspannungen, Verk\u00fcrzungen, Muskelathrophien<br>\u2013&nbsp;<strong>Lymphsystemerkrankungen<\/strong><br>\u00d6deme, Wundheilst\u00f6rungen<br>\u2013&nbsp;<strong>Psychische Probleme<\/strong><br>Psychische St\u00f6rungen bei \u00e4ngstlichen bzw. nerv\u00f6sen Hunden<br><\/p>\n\n\n\n<h4>Probleme beim Bewegungsablauf<\/h4>\n\n\n\n<p>Viele Hunde werden von Tier\u00e4rzten an Physiotherapeuten \u00fcberwiesen, manche Hundebesitzer kommen aber auch ganz von selbst, wenn sie feststellen, dass beim Bewegungsablauf des Hundes etwas nicht mehr stimmt. Typische Anzeichen daf\u00fcr sind zum Beispiel:<br>\u2013 Der Hund leidet unter Bewegungsunlust<br>\u2013 Das Aufstehen f\u00e4llt ihm schwer<br>\u2013 Er hat Probleme beim Treppensteigen oder Einsteigen ins Auto<br>\u2013 Er l\u00e4uft nicht mehr \u201egerade\u201c<br>\u2013 Der Hund hat Koordinationsschwierigkeiten<br>\u2013 Er leckt sich h\u00e4ufig an bestimmten Stellen<br>\u2013 Er zuckt bei bestimmten Bewegungen zusammen<\/p>\n","protected":false},"excerpt":{"rendered":"<p>Alles Leben ist Bewegung. Dort wo Bewegung gest\u00f6rt ist, beginnt Krankheit. Andrew Taylor Still Sowohl in der Physiotherapie als auch in der Osteopathie werden St\u00f6rungen der K\u00f6rperfunktionen mittels sanfter Techniken auf nat\u00fcrliche Weise gel\u00f6st. Durch den Einsatz von physiotherapeutischer oder osteopathischer Behandlung kann zum Beispiel oftmals die Gabe von schmerzlindernder Medikation deutlich reduziert oder verhindert <a href=\"https:\/\/www.ostefit.de\/\" class=\"more-link\">...weiterlesen<span class=\"screen-reader-text\"> \"Willkommen\"<\/span><\/a><\/p>\n","protected":false},"author":1,"featured_media":0,"parent":0,"menu_order":0,"comment_status":"closed","ping_status":"closed","template":"","meta":[],"_links":{"self":[{"href":"https:\/\/www.ostefit.de\/index.php\/wp-json\/wp\/v2\/pages\/16"}],"collection":[{"href":"https:\/\/www.ostefit.de\/index.php\/wp-json\/wp\/v2\/pages"}],"about":[{"href":"https:\/\/www.ostefit.de\/index.php\/wp-json\/wp\/v2\/types\/page"}],"author":[{"embeddable":true,"href":"https:\/\/www.ostefit.de\/index.php\/wp-json\/wp\/v2\/users\/1"}],"replies":[{"embeddable":true,"href":"https:\/\/www.ostefit.de\/index.php\/wp-json\/wp\/v2\/comments?post=16"}],"version-history":[{"count":15,"href":"https:\/\/www.ostefit.de\/index.php\/wp-json\/wp\/v2\/pages\/16\/revisions"}],"predecessor-version":[{"id":473,"href":"https:\/\/www.ostefit.de\/index.php\/wp-json\/wp\/v2\/pages\/16\/revisions\/473"}],"wp:attachment":[{"href":"https:\/\/www.ostefit.de\/index.php\/wp-json\/wp\/v2\/media?parent=16"}],"curies":[{"name":"wp","href":"https:\/\/api.w.org\/{rel}","templated":true}]}}