{"id":169,"date":"2019-05-05T10:27:38","date_gmt":"2019-05-05T10:27:38","guid":{"rendered":"https:\/\/sandbox.bigbuddies.de\/?page_id=169"},"modified":"2019-07-07T10:20:32","modified_gmt":"2019-07-07T10:20:32","slug":"physiotherapie","status":"publish","type":"page","link":"https:\/\/www.ostefit.de\/index.php\/physiotherapie\/","title":{"rendered":"Physiotherapie"},"content":{"rendered":"\n<p>Die Physiotherapie ist ein nat\u00fcrliches Heilverfahren, welches sich in zwei Schwerpunkte gliedert.&nbsp;<\/p>\n\n\n\n<p>Der passive Teil basiert auf den Einsatz \u00e4u\u00dferer Kraft, zum Beispiel die Bewegungsausf\u00fchrung durch den Therapeuten.&nbsp;<\/p>\n\n\n\n<p>Im aktiven Schwerpunkt wird das Tier dazu angeleitet und motiviert, die beeintr\u00e4chtigten Bewegungen selbstst\u00e4ndig auszuf\u00fchren bzw. zu festigen.<\/p>\n\n\n\n<p>Auf diese Weise sollen Kompensationsbewegungen des Bewegungssapparates korrigiert und Heilungsprozesse initiiert sowie unterst\u00fctzt werden.&nbsp;<\/p>\n\n\n\n<p>Der Patient lernt die \u201erichtigen\u201c Bewegungsabl\u00e4ufe physiologisch auszuf\u00fchren. Die Physiotherapie ist h\u00e4ufig geeignet, medikament\u00f6se oder operative Therapien zu unterst\u00fctzen oder sogar zu verhindern.<\/p>\n\n\n\n<p>Ziele der Physiotherapie sind:<\/p>\n\n\n\n<ul><li>Schmerzlinderung&nbsp;<\/li><li>Bewegungserweiterung der Gelenke&nbsp;<\/li><li>F\u00f6rderung von Stoffwechsel und Durchblutung<\/li><li>Koordinationsschulung<\/li><li>Kraftaufbau<\/li><li>Ausdauerschulung<\/li><\/ul>\n\n\n\n<p><em>Diese Ziele beeinflussen sich gegenseitig.<\/em><\/p>\n","protected":false},"excerpt":{"rendered":"<p>Die Physiotherapie ist ein nat\u00fcrliches Heilverfahren, welches sich in zwei Schwerpunkte gliedert.&nbsp; Der passive Teil basiert auf den Einsatz \u00e4u\u00dferer Kraft, zum Beispiel die Bewegungsausf\u00fchrung durch den Therapeuten.&nbsp; Im aktiven Schwerpunkt wird das Tier dazu angeleitet und motiviert, die beeintr\u00e4chtigten Bewegungen selbstst\u00e4ndig auszuf\u00fchren bzw. zu festigen. Auf diese Weise sollen Kompensationsbewegungen des Bewegungssapparates korrigiert und <a href=\"https:\/\/www.ostefit.de\/index.php\/physiotherapie\/\" class=\"more-link\">...weiterlesen<span class=\"screen-reader-text\"> \"Physiotherapie\"<\/span><\/a><\/p>\n","protected":false},"author":1,"featured_media":452,"parent":0,"menu_order":0,"comment_status":"closed","ping_status":"closed","template":"","meta":[],"_links":{"self":[{"href":"https:\/\/www.ostefit.de\/index.php\/wp-json\/wp\/v2\/pages\/169"}],"collection":[{"href":"https:\/\/www.ostefit.de\/index.php\/wp-json\/wp\/v2\/pages"}],"about":[{"href":"https:\/\/www.ostefit.de\/index.php\/wp-json\/wp\/v2\/types\/page"}],"author":[{"embeddable":true,"href":"https:\/\/www.ostefit.de\/index.php\/wp-json\/wp\/v2\/users\/1"}],"replies":[{"embeddable":true,"href":"https:\/\/www.ostefit.de\/index.php\/wp-json\/wp\/v2\/comments?post=169"}],"version-history":[{"count":2,"href":"https:\/\/www.ostefit.de\/index.php\/wp-json\/wp\/v2\/pages\/169\/revisions"}],"predecessor-version":[{"id":461,"href":"https:\/\/www.ostefit.de\/index.php\/wp-json\/wp\/v2\/pages\/169\/revisions\/461"}],"wp:featuredmedia":[{"embeddable":true,"href":"https:\/\/www.ostefit.de\/index.php\/wp-json\/wp\/v2\/media\/452"}],"wp:attachment":[{"href":"https:\/\/www.ostefit.de\/index.php\/wp-json\/wp\/v2\/media?parent=169"}],"curies":[{"name":"wp","href":"https:\/\/api.w.org\/{rel}","templated":true}]}}