{"id":172,"date":"2019-05-05T10:35:32","date_gmt":"2019-05-05T10:35:32","guid":{"rendered":"https:\/\/sandbox.bigbuddies.de\/?page_id=172"},"modified":"2019-07-07T10:19:30","modified_gmt":"2019-07-07T10:19:30","slug":"osteopathie","status":"publish","type":"page","link":"https:\/\/www.ostefit.de\/index.php\/osteopathie\/","title":{"rendered":"Osteopathie"},"content":{"rendered":"\n<p>Die Osteopathie basiert auf einem ganzheitlichen Konzept, der Einheit von K\u00f6rper, Geist und Seele von Mensch und auch Tier.&nbsp;<\/p>\n\n\n\n<p>Die Osteopathie ist eine \u201emanuelle\u201c Therapieform. Es werden mittels visueller Fokussierung und energetischer Handgriffstechniken die Spannungsmuster (L\u00e4sionsketten) in den jeweiligen Strukturen behandelt, reguliert und aufgel\u00f6st.<\/p>\n\n\n\n<p>Die osteopathische Untersuchung und Behandlung richtet sich nicht nur an das Muskel- und Skelettsystem, sondern betrachtet den gesamten Organismus, zu dem auch die inneren Organe und das Nervensystem geh\u00f6ren.<\/p>\n\n\n\n<p>Folgende Strukturen werden speziell betrachtet, um Verkettungen untereinader zu erkennen:<\/p>\n\n\n\n<ul><li>Parietales System (Bewegungsapparat), u.a. durch myofascialem Release (Muskeln, Sehnen und B\u00e4nder)<\/li><li>Viszerales System (Innere Organe)<\/li><li>Cranio-Sacrales-System (Gehirn, R\u00fcckenmark und Wirbels\u00e4ule)<\/li><\/ul>\n\n\n\n<p>Der Osteopath setzt Heilungsimpulse in den jeweiligen Regionen und gibt den Ansto\u00df zur Aufl\u00f6sung von Blockaden im ganzen K\u00f6rper. Diese Impulse stimulieren die Selbstheilungskr\u00e4fte, welche bis auf die mentale und emotionale Ebene wirken.<\/p>\n","protected":false},"excerpt":{"rendered":"<p>Die Osteopathie basiert auf einem ganzheitlichen Konzept, der Einheit von K\u00f6rper, Geist und Seele von Mensch und auch Tier.&nbsp; Die Osteopathie ist eine \u201emanuelle\u201c Therapieform. Es werden mittels visueller Fokussierung und energetischer Handgriffstechniken die Spannungsmuster (L\u00e4sionsketten) in den jeweiligen Strukturen behandelt, reguliert und aufgel\u00f6st. Die osteopathische Untersuchung und Behandlung richtet sich nicht nur an das <a href=\"https:\/\/www.ostefit.de\/index.php\/osteopathie\/\" class=\"more-link\">...weiterlesen<span class=\"screen-reader-text\"> \"Osteopathie\"<\/span><\/a><\/p>\n","protected":false},"author":1,"featured_media":451,"parent":0,"menu_order":0,"comment_status":"closed","ping_status":"closed","template":"","meta":[],"_links":{"self":[{"href":"https:\/\/www.ostefit.de\/index.php\/wp-json\/wp\/v2\/pages\/172"}],"collection":[{"href":"https:\/\/www.ostefit.de\/index.php\/wp-json\/wp\/v2\/pages"}],"about":[{"href":"https:\/\/www.ostefit.de\/index.php\/wp-json\/wp\/v2\/types\/page"}],"author":[{"embeddable":true,"href":"https:\/\/www.ostefit.de\/index.php\/wp-json\/wp\/v2\/users\/1"}],"replies":[{"embeddable":true,"href":"https:\/\/www.ostefit.de\/index.php\/wp-json\/wp\/v2\/comments?post=172"}],"version-history":[{"count":2,"href":"https:\/\/www.ostefit.de\/index.php\/wp-json\/wp\/v2\/pages\/172\/revisions"}],"predecessor-version":[{"id":459,"href":"https:\/\/www.ostefit.de\/index.php\/wp-json\/wp\/v2\/pages\/172\/revisions\/459"}],"wp:featuredmedia":[{"embeddable":true,"href":"https:\/\/www.ostefit.de\/index.php\/wp-json\/wp\/v2\/media\/451"}],"wp:attachment":[{"href":"https:\/\/www.ostefit.de\/index.php\/wp-json\/wp\/v2\/media?parent=172"}],"curies":[{"name":"wp","href":"https:\/\/api.w.org\/{rel}","templated":true}]}}