{"id":177,"date":"2019-05-05T10:41:34","date_gmt":"2019-05-05T10:41:34","guid":{"rendered":"https:\/\/sandbox.bigbuddies.de\/?page_id=177"},"modified":"2019-07-07T10:18:02","modified_gmt":"2019-07-07T10:18:02","slug":"anwendungsgebiete","status":"publish","type":"page","link":"https:\/\/www.ostefit.de\/index.php\/anwendungsgebiete\/","title":{"rendered":"Anwendungsgebiete"},"content":{"rendered":"\n<p>Bei folgenden Umst\u00e4nden haben sich therapeutische Anwendungen bei Tieren unter anderem bew\u00e4hrt:<\/p>\n\n\n\n<ul><li>Geburtstraumen <\/li><li>Nachbehandlung oder Vermeidung von chirurgischen Eingriffen (z.B. Kreuzband-, Ellenbogen-, BS - Operationen)<\/li><li>Narben (z.B. Kastrationsnarben)<\/li><li>Taktunreinheit und Lahmheit<\/li><li>Pl\u00f6tzliche Bewegungsunlust<\/li><li>Arthrosen, Spondylosen und Bandscheibenvorf\u00e4lle<\/li><li>Verhaltens\u00e4nderungen (Hund springt pl\u00f6tzlich nicht mehr in das Auto, h\u00e4ufiges recken und strecken, kratzt sich vermehhrt an bestimmten K\u00f6rperstellen)<\/li><li>Unf\u00e4lle, Traumata jeglicher Form<\/li><li>Inkontinenz und Verdauungsst\u00f6rungen&nbsp;<\/li><li>Mobilit\u00e4tserhaltung bei alten und kranken Tieren<\/li><\/ul>\n\n\n\n<p>Physiotherapie und Osteopathie ersetzen <strong>nicht<\/strong> (immer) den diagnostischen Tierarztbesuch oder die tier\u00e4rztliche Notfallmedizin! &nbsp;<\/p>\n","protected":false},"excerpt":{"rendered":"<p>Bei folgenden Umst\u00e4nden haben sich therapeutische Anwendungen bei Tieren unter anderem bew\u00e4hrt: Geburtstraumen Nachbehandlung oder Vermeidung von chirurgischen Eingriffen (z.B. Kreuzband-, Ellenbogen-, BS - Operationen) Narben (z.B. Kastrationsnarben) Taktunreinheit und Lahmheit Pl\u00f6tzliche Bewegungsunlust Arthrosen, Spondylosen und Bandscheibenvorf\u00e4lle Verhaltens\u00e4nderungen (Hund springt pl\u00f6tzlich nicht mehr in das Auto, h\u00e4ufiges recken und strecken, kratzt sich vermehhrt an bestimmten <a href=\"https:\/\/www.ostefit.de\/index.php\/anwendungsgebiete\/\" class=\"more-link\">...weiterlesen<span class=\"screen-reader-text\"> \"Anwendungsgebiete\"<\/span><\/a><\/p>\n","protected":false},"author":1,"featured_media":447,"parent":0,"menu_order":0,"comment_status":"closed","ping_status":"closed","template":"","meta":[],"_links":{"self":[{"href":"https:\/\/www.ostefit.de\/index.php\/wp-json\/wp\/v2\/pages\/177"}],"collection":[{"href":"https:\/\/www.ostefit.de\/index.php\/wp-json\/wp\/v2\/pages"}],"about":[{"href":"https:\/\/www.ostefit.de\/index.php\/wp-json\/wp\/v2\/types\/page"}],"author":[{"embeddable":true,"href":"https:\/\/www.ostefit.de\/index.php\/wp-json\/wp\/v2\/users\/1"}],"replies":[{"embeddable":true,"href":"https:\/\/www.ostefit.de\/index.php\/wp-json\/wp\/v2\/comments?post=177"}],"version-history":[{"count":2,"href":"https:\/\/www.ostefit.de\/index.php\/wp-json\/wp\/v2\/pages\/177\/revisions"}],"predecessor-version":[{"id":457,"href":"https:\/\/www.ostefit.de\/index.php\/wp-json\/wp\/v2\/pages\/177\/revisions\/457"}],"wp:featuredmedia":[{"embeddable":true,"href":"https:\/\/www.ostefit.de\/index.php\/wp-json\/wp\/v2\/media\/447"}],"wp:attachment":[{"href":"https:\/\/www.ostefit.de\/index.php\/wp-json\/wp\/v2\/media?parent=177"}],"curies":[{"name":"wp","href":"https:\/\/api.w.org\/{rel}","templated":true}]}}