{"id":231,"date":"2019-05-05T14:41:06","date_gmt":"2019-05-05T14:41:06","guid":{"rendered":"https:\/\/sandbox.bigbuddies.de\/?page_id=231"},"modified":"2019-07-07T10:23:08","modified_gmt":"2019-07-07T10:23:08","slug":"seminare","status":"publish","type":"page","link":"https:\/\/www.ostefit.de\/index.php\/seminare\/","title":{"rendered":"Seminare"},"content":{"rendered":"\n<p><em><strong>Hundemassage<\/strong><\/em><\/p>\n\n\n\n<p>Einf\u00fchrung in die Massage und Entspannungsgriffe f\u00fcr ihren Hund. Ziel des Seminars ist neben der Muskellockerung die Bindung zwischen Hund und Mensch zu festigen.<br>Die Seminardauer betr\u00e4gt ca. 3,5 Stunden und die Mindestanzahl betr\u00e4gt 3 Teilnehmer. <\/p>\n\n\n\n<p><em><strong>Physio-Scan<\/strong><\/em><\/p>\n\n\n\n<p>Ist mein Hund wirklich physiologisch und schmerzfrei in allen Gelenken beweglich? \u201eEr kann mir nicht sagen ob ihm etwas wehtut\u201c. Ziel des Seminars ist die eigenst\u00e4ndige \u00dcberpr\u00fcfung des Bewegungsapparates mittels Gangbildanalyse und Bewegungsscan.  <br>Die Seminardauer betr\u00e4gt ca. 3,5 Stunden und die Mindestanzahl betr\u00e4gt <br>3 Teilnehmer.  <\/p>\n\n\n\n<p>Die\nSeminare werden gerne in Kooperation mit Hunde-,schulen\/ vereinen\no.\u00e4. durchgef\u00fchrt.<\/p>\n","protected":false},"excerpt":{"rendered":"<p>Hundemassage Einf\u00fchrung in die Massage und Entspannungsgriffe f\u00fcr ihren Hund. Ziel des Seminars ist neben der Muskellockerung die Bindung zwischen Hund und Mensch zu festigen.Die Seminardauer betr\u00e4gt ca. 3,5 Stunden und die Mindestanzahl betr\u00e4gt 3 Teilnehmer. Physio-Scan Ist mein Hund wirklich physiologisch und schmerzfrei in allen Gelenken beweglich? \u201eEr kann mir nicht sagen ob ihm <a href=\"https:\/\/www.ostefit.de\/index.php\/seminare\/\" class=\"more-link\">...weiterlesen<span class=\"screen-reader-text\"> \"Seminare\"<\/span><\/a><\/p>\n","protected":false},"author":1,"featured_media":446,"parent":0,"menu_order":0,"comment_status":"closed","ping_status":"closed","template":"","meta":[],"_links":{"self":[{"href":"https:\/\/www.ostefit.de\/index.php\/wp-json\/wp\/v2\/pages\/231"}],"collection":[{"href":"https:\/\/www.ostefit.de\/index.php\/wp-json\/wp\/v2\/pages"}],"about":[{"href":"https:\/\/www.ostefit.de\/index.php\/wp-json\/wp\/v2\/types\/page"}],"author":[{"embeddable":true,"href":"https:\/\/www.ostefit.de\/index.php\/wp-json\/wp\/v2\/users\/1"}],"replies":[{"embeddable":true,"href":"https:\/\/www.ostefit.de\/index.php\/wp-json\/wp\/v2\/comments?post=231"}],"version-history":[{"count":8,"href":"https:\/\/www.ostefit.de\/index.php\/wp-json\/wp\/v2\/pages\/231\/revisions"}],"predecessor-version":[{"id":464,"href":"https:\/\/www.ostefit.de\/index.php\/wp-json\/wp\/v2\/pages\/231\/revisions\/464"}],"wp:featuredmedia":[{"embeddable":true,"href":"https:\/\/www.ostefit.de\/index.php\/wp-json\/wp\/v2\/media\/446"}],"wp:attachment":[{"href":"https:\/\/www.ostefit.de\/index.php\/wp-json\/wp\/v2\/media?parent=231"}],"curies":[{"name":"wp","href":"https:\/\/api.w.org\/{rel}","templated":true}]}}