{"id":3,"date":"2019-04-19T11:13:32","date_gmt":"2019-04-19T11:13:32","guid":{"rendered":"https:\/\/sandbox.bigbuddies.de\/?page_id=3"},"modified":"2019-04-27T16:29:12","modified_gmt":"2019-04-27T16:29:12","slug":"privacy-policy","status":"publish","type":"page","link":"https:\/\/www.ostefit.de\/index.php\/privacy-policy\/","title":{"rendered":"Datenschutzerkl\u00e4rung"},"content":{"rendered":"\n<p>Verantwortliche Stelle im Sinne der Datenschutzgesetze, insbesondere der EU-Datenschutzgrundverordnung (DSGVO), ist:<\/p>\n\n\n\n<p style=\"text-align:left\">Bianca Papke<br>Kiebitzweg 21 \u2022 21785 Neuhaus (Oste)<br>Tel.: 04752 \/ 844 338<br>Mail: info@ostefit.de<\/p>\n\n\n\n<h3>Ihre Rechte<\/h3>\n\n\n\n<p><strong>Sie haben das Recht<\/strong><\/p>\n\n\n\n<ul><li>auf Auskunft \u00fcber Ihre bei uns gespeicherten Daten und deren Verarbeitung (Art. 15 DSGVO),<\/li><li>Berichtigung unrichtiger personenbezogener Daten (Art. 16 DSGVO),<\/li><li>L\u00f6schung Ihrer bei uns gespeicherten Daten (Art. 17 DSGVO),<\/li><li>Einschr\u00e4nkung der Datenverarbeitung, sofern wir Ihre Daten aufgrund gesetzlicher Pflichten noch nicht l\u00f6schen d\u00fcrfen (Art. 18 DSGVO),<\/li><li>Widerspruch gegen die Verarbeitung Ihrer Daten bei uns (Art. 21 DSGVO) und<\/li><li>Daten\u00fcbertragbarkeit, sofern Sie in die Datenverarbeitung eingewilligt haben oder einen Vertrag mit uns abgeschlossen haben (Art. 20 DSGVO).<\/li><\/ul>\n\n\n\n<p>Eine erteilte Einwilligung k\u00f6nnen Sie jederzeit widerrufen.<br><br>Eine Weitergabe Ihrer Daten an Dritte erfolgt nur nach Ihrer ausdr\u00fccklichen Zustimmung.<\/p>\n\n\n\n<h3>Kontaktaufnahme durch Sie<\/h3>\n\n\n\n<p>Kontaktieren Sie uns per E-Mail, rufen wir diese auf verschl\u00fcsseltem Wege ab und speichern diese auf unseren zugangsgesicherten Ger\u00e4ten, bis das damit verbundene Anliegen erledigt ist.<\/p>\n\n\n\n<h3>Ihre Besuch unsere Webseiten<\/h3>\n\n\n\n<p>Die Nutzung unserer Webseiten ist grunds\u00e4tzlich ohne jede personenbezogene Datenerhebung m\u00f6glich.<\/p>\n\n\n\n<p>Inhalte fremder Anbieter haben wir nicht in unsere Seite eingebunden, sondern durch externe Links bereitgestellt. Durch Klicken auf diese externen Links (z. B. Google-Maps unter \"Anfahrt\") nutzen Sie das Angebot des jeweiligen Anbieters (z. B. Google LLC bzw. Google Germany GmbH) und akzeptieren ggfs. die dortigen Datenschutzbestimmungen, die nicht in unserer Macht stehen.<\/p>\n\n\n\n<p>Bei einem Aufruf einer Seite unserer Pr\u00e4senz wird durch Ihr Endger\u00e4t (Computer, Mobiltelefon, Tablet, etc.) ein Log-Eintrag ausgel\u00f6st. Die Log-Dateien werden von unserem Hosting-Anbieter, der STRATO-AG, generiert und verwaltet. Sie erm\u00f6glichen uns jedoch keine R\u00fcckschl\u00fcsse auf Ihre Person und gelten daher unserer Meinung nach nicht als \"personenbezogene Daten\".&nbsp;<\/p>\n\n\n\n<p><strong>Diese Statistiken helfen uns dabei:<\/strong><\/p>\n\n\n\n<ul><li>unsere Seite \u00fcbersichtlich zu halten,&nbsp;<\/li><li>fehlerhafte Verlinkungen zu erkennen und zeitnah korrigieren zu k\u00f6nnen sowie&nbsp;<\/li><li>b\u00f6swillige Angriffe zu identifizieren und abzuwehren.<\/li><\/ul>\n\n\n\n<p>Der Vollst\u00e4ndigkeit halber zitieren wir hier aus den \"Info-Blog\" der STRATO AG, wie sich die generierten LOG-Dateien der Strato-AG zusammensetzen:\u00a0<\/p>\n\n\n\n<h3>Warum erheben wir Log-Daten?<\/h3>\n\n\n\n<p>Auf Basis der Log-Daten erstellen wir einerseits eine Statistikauswertung, die Du \u00fcber Deinen Kunden-Login einsehen kannst. Wenn Du eigene Auswertungen mit einem externen Tool durchf\u00fchren oder die Daten archivieren m\u00f6chtest, kannst Du die Logfiles Deiner Website auch herunterladen.<\/p>\n\n\n\n<p>Neben der statistischen Analyse Deiner Website speichern wir diese Daten auch, um unsere Dienste zu optimieren und Angriffe zu erkennen und abwehren zu k\u00f6nnen.<\/p>\n\n\n\n<h3><strong>Welche Daten erheben wir?\ufeff<\/strong><\/h3>\n\n\n\n<p>Die Log-Dateien kannst Du als Textdatei herunterladen, die f\u00fcr den Laien jedoch ziemlich un\u00fcbersichtlich aussieht. Wir nutzen ein Format, das sich in der Branche als Standard etabliert hat und \"Apache Combined Log Format\" genannt wird. Die folgenden Angaben verbergen sich dahinter:<\/p>\n\n\n\n<p>Kunden-Domain: Wir erfassen, zu welcher Domain Log-Daten gespeichert werden. Das w\u00e4re also zum Beispiel \"DeineWunschdomain.de\".<\/p>\n\n\n\n<p>Anonymisierte Client-IP: Um zu erkennen, von wo aus unsere Server gegebenenfalls angegriffen werden, erheben wir IP-Adressen. Diese speichern wir branchen\u00fcblich maximal sieben Tage lang. Danach werden sie anonymisiert. Aus Datenschutzgr\u00fcnden kannst Du jedoch die IP-Adressen in dem Logfile von Beginn an nur anonymisiert einsehen. Ein Beispiel: Aus 123.456.789.001 wird anon-123-456-165-41.invalid.<\/p>\n\n\n\n<p>Timestamp: Dahinter verbirgt sich die Angabe, an welchem Tag und zu welcher Uhrzeit der Besucher Deine Website aufgerufen hat.<\/p>\n\n\n\n<p>Request-Zeile: Dies ist der Pfad der Ziel-Adresse ohne die Domain. Wenn der Besucher auf ein Bild Deiner Website klickt, steckt dahinter die URL \"DeineWebsite.de\/bild.jpg\". Die Request Zeile lautet dann \"\/bild.jpg\".<\/p>\n\n\n\n<p>Status Code: Sicherlich hast Du schon mal eine 404-Seite gesehen. Diese wird immer dann angezeigt, wenn eine aufgerufene Seite oder Datei nicht gefunden werden kann. 404 ist dabei der Status Code, der Dir sagt, dass der Besucher eine nicht vorhandene Seite aufrufen wollte. Die Internet Assigned Numbers Authority hat noch eine Vielzahl an weiteren Status Codes definiert, die f\u00fcr die Fehleranalyse hilfreich sind: 200 bedeutet zum Beispiel OK - hier konnte der Nutzer Deine Seite also fehlerfrei aufrufen.<\/p>\n\n\n\n<p>Gr\u00f6\u00dfe des Response Bodies: Wenn der Besucher auf Deine Website geht, l\u00e4dt er tempor\u00e4r Daten herunter. Das sind zum Beispiel die Bilder und Texte, die er in seinem Browser sieht. Die Log-Datei gibt an, wie gro\u00df diese Daten sind.<\/p>\n\n\n\n<p>Referer, der vom Client gesendet wurde: Dieses Feld zeigt Dir an, von welcher Seite der Besucher Deiner Website gekommen ist.<\/p>\n\n\n\n<p>User Agent, der vom Client gesendet wurde: Hier findest Du zum Beispiel Angaben zur Art und Version des Browser und dem Betriebssystem, das der Besucher nutzt.<\/p>\n\n\n\n<p>Remote User: Im Normalfall bleibt diese Feld leer. Wir speichern nur dann Daten hierzu, wenn auf Deiner Website ein Anmeldeprozess vorhanden ist, der auf http-Basicauth basiert. Das ist ein mittlerweile veraltetes Verfahren, mit dem sich der Besucher gegen\u00fcber Deiner Website authentifzieren kann, indem er sich zum Beispiel in einen Kundenbereich einloggt. Mittlerweile nutzt die gro\u00dfe Mehrzahl der Websiten allerdings ein anderes Verfahren, das mit Javascript arbeitet. In diesem Fall wird kein Remote User gespeichert.<\/p>\n\n\n\n<p style=\"text-align:right\" class=\"has-small-font-size\"><em>Quelle: STRATO AG, DSGVO und Log-Daten<\/em><\/p>\n","protected":false},"excerpt":{"rendered":"<p>Verantwortliche Stelle im Sinne der Datenschutzgesetze, insbesondere der EU-Datenschutzgrundverordnung (DSGVO), ist: Bianca PapkeKiebitzweg 21 \u2022 21785 Neuhaus (Oste)Tel.: 04752 \/ 844 338Mail: info@ostefit.de Ihre Rechte Sie haben das Recht auf Auskunft \u00fcber Ihre bei uns gespeicherten Daten und deren Verarbeitung (Art. 15 DSGVO), Berichtigung unrichtiger personenbezogener Daten (Art. 16 DSGVO), L\u00f6schung Ihrer bei uns gespeicherten <a href=\"https:\/\/www.ostefit.de\/index.php\/privacy-policy\/\" class=\"more-link\">...weiterlesen<span class=\"screen-reader-text\"> \"Datenschutzerkl\u00e4rung\"<\/span><\/a><\/p>\n","protected":false},"author":1,"featured_media":0,"parent":0,"menu_order":0,"comment_status":"closed","ping_status":"open","template":"","meta":[],"_links":{"self":[{"href":"https:\/\/www.ostefit.de\/index.php\/wp-json\/wp\/v2\/pages\/3"}],"collection":[{"href":"https:\/\/www.ostefit.de\/index.php\/wp-json\/wp\/v2\/pages"}],"about":[{"href":"https:\/\/www.ostefit.de\/index.php\/wp-json\/wp\/v2\/types\/page"}],"author":[{"embeddable":true,"href":"https:\/\/www.ostefit.de\/index.php\/wp-json\/wp\/v2\/users\/1"}],"replies":[{"embeddable":true,"href":"https:\/\/www.ostefit.de\/index.php\/wp-json\/wp\/v2\/comments?post=3"}],"version-history":[{"count":7,"href":"https:\/\/www.ostefit.de\/index.php\/wp-json\/wp\/v2\/pages\/3\/revisions"}],"predecessor-version":[{"id":150,"href":"https:\/\/www.ostefit.de\/index.php\/wp-json\/wp\/v2\/pages\/3\/revisions\/150"}],"wp:attachment":[{"href":"https:\/\/www.ostefit.de\/index.php\/wp-json\/wp\/v2\/media?parent=3"}],"curies":[{"name":"wp","href":"https:\/\/api.w.org\/{rel}","templated":true}]}}