{"id":337,"date":"2019-05-29T16:23:02","date_gmt":"2019-05-29T16:23:02","guid":{"rendered":"https:\/\/sandbox.bigbuddies.de\/?page_id=337"},"modified":"2019-10-31T05:47:29","modified_gmt":"2019-10-31T05:47:29","slug":"aktuelles","status":"publish","type":"page","link":"https:\/\/www.ostefit.de\/index.php\/aktuelles\/","title":{"rendered":"Aktuelles"},"content":{"rendered":"\n<p><\/p>\n\n\n\n<p class=\"has-large-font-size\"><\/p>\n\n\n\n<p>Sie m\u00f6chten mehr \u00fcber meine Arbeit erfahren oder mich mal gerne pers\u00f6nlich kennen lernen?!<\/p>\n\n\n\n<p><br><em>Dann Besuchen Sie mich und meinen Info-Stand auf dem <\/em><\/p>\n\n\n\n<p><em>Herbstfest der Hundeschule Hund- Mensch- Team<\/em><\/p>\n\n\n\n<p> <em><strong>am 9. November. 2019 in der Zeit von 12-16 Uhr.<\/strong><\/em><br><\/p>\n\n\n\n<figure class=\"wp-block-image\"><img alt=\"\"\/><\/figure>\n","protected":false},"excerpt":{"rendered":"<p>Sie m\u00f6chten mehr \u00fcber meine Arbeit erfahren oder mich mal gerne pers\u00f6nlich kennen lernen?! Dann Besuchen Sie mich und meinen Info-Stand auf dem Herbstfest der Hundeschule Hund- Mensch- Team am 9. November. 2019 in der Zeit von 12-16 Uhr.<\/p>\n","protected":false},"author":1,"featured_media":449,"parent":0,"menu_order":0,"comment_status":"closed","ping_status":"closed","template":"","meta":[],"_links":{"self":[{"href":"https:\/\/www.ostefit.de\/index.php\/wp-json\/wp\/v2\/pages\/337"}],"collection":[{"href":"https:\/\/www.ostefit.de\/index.php\/wp-json\/wp\/v2\/pages"}],"about":[{"href":"https:\/\/www.ostefit.de\/index.php\/wp-json\/wp\/v2\/types\/page"}],"author":[{"embeddable":true,"href":"https:\/\/www.ostefit.de\/index.php\/wp-json\/wp\/v2\/users\/1"}],"replies":[{"embeddable":true,"href":"https:\/\/www.ostefit.de\/index.php\/wp-json\/wp\/v2\/comments?post=337"}],"version-history":[{"count":15,"href":"https:\/\/www.ostefit.de\/index.php\/wp-json\/wp\/v2\/pages\/337\/revisions"}],"predecessor-version":[{"id":506,"href":"https:\/\/www.ostefit.de\/index.php\/wp-json\/wp\/v2\/pages\/337\/revisions\/506"}],"wp:featuredmedia":[{"embeddable":true,"href":"https:\/\/www.ostefit.de\/index.php\/wp-json\/wp\/v2\/media\/449"}],"wp:attachment":[{"href":"https:\/\/www.ostefit.de\/index.php\/wp-json\/wp\/v2\/media?parent=337"}],"curies":[{"name":"wp","href":"https:\/\/api.w.org\/{rel}","templated":true}]}}